{"id":37,"date":"2025-10-08T20:21:55","date_gmt":"2025-10-08T18:21:55","guid":{"rendered":"https:\/\/votoamireina.com\/?page_id=37"},"modified":"2025-10-27T15:57:11","modified_gmt":"2025-10-27T14:57:11","slug":"nosotros","status":"publish","type":"page","link":"https:\/\/votoamireina.com\/index.php\/nosotros\/","title":{"rendered":"Nosotros"},"content":{"rendered":"<p>[et_pb_section fb_built=\u00bb1&#8243; _builder_version=\u00bb4.27.4&#8243; _module_preset=\u00bbdefault\u00bb global_colors_info=\u00bb{}\u00bb][et_pb_row column_structure=\u00bb1_2,1_2&#8243; _builder_version=\u00bb4.27.4&#8243; _module_preset=\u00bbdefault\u00bb global_colors_info=\u00bb{}\u00bb][et_pb_column type=\u00bb1_2&#8243; _builder_version=\u00bb4.27.4&#8243; _module_preset=\u00bbdefault\u00bb global_colors_info=\u00bb{}\u00bb][et_pb_blurb title=\u00bbNOSOTROS\u00bb image=\u00bbhttps:\/\/votoamireina.com\/wp-content\/uploads\/2025\/10\/c05e8a83-338e-4525-bd74-f6f4217ba376-Photoroom.png\u00bb content_max_width=\u00bb111px\u00bb _builder_version=\u00bb4.27.4&#8243; _module_preset=\u00bbdefault\u00bb header_font=\u00bbAclonica||||||||\u00bb header_text_color=\u00bb#1E40AF\u00bb text_orientation=\u00bbcenter\u00bb max_width=\u00bb55%\u00bb module_alignment=\u00bbcenter\u00bb custom_padding=\u00bb6px||||false|false\u00bb border_color_all_image=\u00bb#1E40AF\u00bb global_colors_info=\u00bb{}\u00bb child_filter_hue_rotate__hover_enabled=\u00bboff|desktop\u00bb title_text=\u00bbc05e8a83-338e-4525-bd74-f6f4217ba376-Photoroom\u00bb hover_enabled=\u00bb0&#8243; sticky_enabled=\u00bb0&#8243;][\/et_pb_blurb][et_pb_text _builder_version=\u00bb4.27.4&#8243; _module_preset=\u00bbdefault\u00bb text_font=\u00bbPoppins||||||||\u00bb text_text_color=\u00bb#000000&#8243; text_font_size=\u00bb15px\u00bb text_orientation=\u00bbcenter\u00bb custom_margin=\u00bb-20px||||false|false\u00bb global_colors_info=\u00bb{}\u00bb]<\/p>\n<p>La Organizaci\u00f3n Belleza Paraguaya fue fundada en el a\u00f1o 2016 por nuestro Productor General, Maximiliano Di Arte, quien, gracias a su formaci\u00f3n en Producci\u00f3n Cinematogr\u00e1fica, se ha destacado a lo largo de su carrera en la creaci\u00f3n de eventos de alto nivel, caracterizados por su impecable presencia esc\u00e9nica y audiovisual.<br \/>A lo largo de estos a\u00f1os, la organizaci\u00f3n ha trabajado en conjunto con los cert\u00e1menes nacionales de belleza m\u00e1s prestigiosos, como Miss Universo, Miss Mundo y Miss Cosmo, adquiriendo una experiencia invaluable que ha permitido consolidar producciones exitosas y de talla internacional.<br \/>Fruto de este camino, hoy se llavan a cabo importantes cert\u00e1menes como el Miss Towering Universe y el Mini Towering Universe, ambos con gran reconocimiento en el \u00e1mbito internacional.<br \/>Asimismo, la organizaci\u00f3n impulsa cert\u00e1menes infantiles que se han convertido en referentes de trayectoria y \u00e9xito en Paraguay, tales como: Mini Belleza Paraguaya, Mini Universo Paraguay y Paraguay Moda Kids, plataformas que promueven el talento, la elegancia y la formaci\u00f3n de nuevas generaciones en el mundo del modelaje y los cert\u00e1menes de belleza.<br \/>Con visi\u00f3n, profesionalismo y pasi\u00f3n, la Organizaci\u00f3n Belleza Paraguaya contin\u00faa consolid\u00e1ndose como referente nacional e internacional en la producci\u00f3n de eventos de excelencia.<\/p>\n<p>[\/et_pb_text][\/et_pb_column][et_pb_column type=\u00bb1_2&#8243; _builder_version=\u00bb4.27.4&#8243; _module_preset=\u00bbdefault\u00bb custom_padding=\u00bb35px||||false|false\u00bb global_colors_info=\u00bb{}\u00bb][et_pb_image src=\u00bbhttps:\/\/votoamireina.com\/wp-content\/uploads\/2025\/10\/WhatsApp-Image-2025-10-15-at-21.01.35-1.jpeg\u00bb title_text=\u00bbWhatsApp Image 2025-10-15 at 21.01.35 (1)\u00bb _builder_version=\u00bb4.27.4&#8243; _module_preset=\u00bbdefault\u00bb width=\u00bb100%\u00bb custom_margin=\u00bb-40px||||false|false\u00bb global_colors_info=\u00bb{}\u00bb custom_margin__hover_enabled=\u00bbon|desktop\u00bb custom_margin__hover=\u00bb-40px||||false|false\u00bb][\/et_pb_image][\/et_pb_column][\/et_pb_row][\/et_pb_section]<\/p>\n","protected":false},"excerpt":{"rendered":"<p>La Organizaci\u00f3n Belleza Paraguaya fue fundada en el a\u00f1o 2016 por nuestro Productor General, Maximiliano Di Arte, quien, gracias a su formaci\u00f3n en Producci\u00f3n Cinematogr\u00e1fica, se ha destacado a lo largo de su carrera en la creaci\u00f3n de eventos de alto nivel, caracterizados por su impecable presencia esc\u00e9nica y audiovisual.A lo largo de estos a\u00f1os, la organizaci\u00f3n ha trabajado en conjunto con los cert\u00e1menes nacionales de belleza m\u00e1s prestigiosos, como Miss Universo, Miss Mundo y Miss Cosmo, adquiriendo una experiencia invaluable que ha permitido consolidar producciones exitosas y de talla internacional.Fruto de este camino, hoy se llavan a cabo importantes cert\u00e1menes como el Miss Towering Universe y el Mini Towering Universe, ambos con gran reconocimiento en el \u00e1mbito internacional.Asimismo, la organizaci\u00f3n impulsa cert\u00e1menes infantiles que se han convertido en referentes de trayectoria y \u00e9xito en Paraguay, tales como: Mini Belleza Paraguaya, Mini Universo Paraguay y Paraguay Moda Kids, plataformas que promueven el talento, la elegancia y la formaci\u00f3n de nuevas generaciones en el mundo del modelaje y los cert\u00e1menes de belleza.Con visi\u00f3n, profesionalismo y pasi\u00f3n, la Organizaci\u00f3n Belleza Paraguaya contin\u00faa consolid\u00e1ndose como referente nacional e internacional en la producci\u00f3n de eventos de excelencia.<\/p>\n","protected":false},"author":1,"featured_media":0,"parent":0,"menu_order":0,"comment_status":"closed","ping_status":"closed","template":"","meta":{"_et_pb_use_builder":"on","_et_pb_old_content":"","_et_gb_content_width":"","footnotes":""},"class_list":["post-37","page","type-page","status-publish","hentry"],"_links":{"self":[{"href":"https:\/\/votoamireina.com\/index.php\/wp-json\/wp\/v2\/pages\/37","targetHints":{"allow":["GET"]}}],"collection":[{"href":"https:\/\/votoamireina.com\/index.php\/wp-json\/wp\/v2\/pages"}],"about":[{"href":"https:\/\/votoamireina.com\/index.php\/wp-json\/wp\/v2\/types\/page"}],"author":[{"embeddable":true,"href":"https:\/\/votoamireina.com\/index.php\/wp-json\/wp\/v2\/users\/1"}],"replies":[{"embeddable":true,"href":"https:\/\/votoamireina.com\/index.php\/wp-json\/wp\/v2\/comments?post=37"}],"version-history":[{"count":13,"href":"https:\/\/votoamireina.com\/index.php\/wp-json\/wp\/v2\/pages\/37\/revisions"}],"predecessor-version":[{"id":597,"href":"https:\/\/votoamireina.com\/index.php\/wp-json\/wp\/v2\/pages\/37\/revisions\/597"}],"wp:attachment":[{"href":"https:\/\/votoamireina.com\/index.php\/wp-json\/wp\/v2\/media?parent=37"}],"curies":[{"name":"wp","href":"https:\/\/api.w.org\/{rel}","templated":true}]}}