{"id":266,"date":"2025-10-16T14:32:35","date_gmt":"2025-10-16T12:32:35","guid":{"rendered":"https:\/\/votoamireina.com\/?page_id=266"},"modified":"2025-10-24T18:00:55","modified_gmt":"2025-10-24T16:00:55","slug":"mini-towering-universe","status":"publish","type":"page","link":"https:\/\/votoamireina.com\/index.php\/mini-towering-universe\/","title":{"rendered":"MINI TOWERING UNIVERSE"},"content":{"rendered":"<p>[et_pb_section fb_built=\u00bb1&#8243; _builder_version=\u00bb4.27.4&#8243; _module_preset=\u00bbdefault\u00bb global_colors_info=\u00bb{}\u00bb][et_pb_row column_structure=\u00bb1_2,1_2&#8243; _builder_version=\u00bb4.27.4&#8243; _module_preset=\u00bbdefault\u00bb global_colors_info=\u00bb{}\u00bb][et_pb_column type=\u00bb1_2&#8243; _builder_version=\u00bb4.27.4&#8243; _module_preset=\u00bbdefault\u00bb global_colors_info=\u00bb{}\u00bb][et_pb_text _builder_version=\u00bb4.27.4&#8243; _module_preset=\u00bbdefault\u00bb text_font=\u00bbAkshar||||||||\u00bb text_text_color=\u00bb#1E40AF\u00bb text_font_size=\u00bb53px\u00bb text_line_height=\u00bb1em\u00bb background_enable_color=\u00bboff\u00bb text_orientation=\u00bbcenter\u00bb custom_padding=\u00bb61px||||false|false\u00bb text_text_shadow_style=\u00bbpreset2&#8243; locked=\u00bboff\u00bb global_colors_info=\u00bb{}\u00bb]<\/p>\n<section class=\"elementor-section elementor-inner-section elementor-element elementor-element-602ebf3b elementor-section-boxed elementor-section-height-default elementor-section-height-default\" data-id=\"602ebf3b\" data-element_type=\"section\">\n<div class=\"elementor-container elementor-column-gap-default\">\n<div class=\"elementor-column elementor-col-100 elementor-inner-column elementor-element elementor-element-37b882f4\" data-id=\"37b882f4\" data-element_type=\"column\">\n<div class=\"elementor-widget-wrap elementor-element-populated\">\n<div class=\"elementor-element elementor-element-1cd4161 elementor-widget elementor-widget-spacer\" data-id=\"1cd4161\" data-element_type=\"widget\" data-widget_type=\"spacer.default\">\n<div class=\"elementor-widget-container\">\n<div class=\"elementor-spacer\">\n<div class=\"elementor-spacer-inner\">\n<div class=\"elementor-widget-container\">\n<p class=\"a13ree-written-headline\" data-speed=\"82\" data-loop=\"1\"><span class=\"before-written\">MINI TOWERING UNIVERSE<\/span><\/p>\n<\/div>\n<\/div>\n<\/div>\n<\/div>\n<\/div>\n<\/div>\n<\/div>\n<\/div>\n<\/section>\n<p>[\/et_pb_text][et_pb_text _builder_version=\u00bb4.27.4&#8243; _module_preset=\u00bbdefault\u00bb text_font=\u00bbPoppins||||||||\u00bb text_text_color=\u00bb#000000&#8243; text_font_size=\u00bb17px\u00bb text_letter_spacing=\u00bb2px\u00bb text_line_height=\u00bb1.9em\u00bb global_colors_info=\u00bb{}\u00bb]<\/p>\n<p>Es un certamen internacional infantil creado y producido en Paraguay, que re\u00fane a ni\u00f1as de distintos pa\u00edses en una experiencia \u00fanica de cultura, talento y amistad.<br \/>Su objetivo es promover valores, liderazgo y confianza, destacando la belleza integral y el esp\u00edritu solidario de cada participante.<br \/>En esta segunda edici\u00f3n, el evento reafirma su compromiso con la formaci\u00f3n y proyecci\u00f3n internacional de nuevas generaciones, consolid\u00e1ndose como una plataforma que celebra la diversidad y el talento infantil del mundo.<\/p>\n<p>[\/et_pb_text][et_pb_button button_text=\u00bbVOTAR\u00bb _builder_version=\u00bb4.27.4&#8243; _module_preset=\u00bbdefault\u00bb custom_button=\u00bbon\u00bb button_text_color=\u00bb#1E40AF\u00bb button_bg_color=\u00bb#CBD5E1&#8243; button_border_color=\u00bb#CBD5E1&#8243; button_font=\u00bbPoppins||||||||\u00bb global_colors_info=\u00bb{}\u00bb][\/et_pb_button][\/et_pb_column][et_pb_column type=\u00bb1_2&#8243; _builder_version=\u00bb4.27.4&#8243; _module_preset=\u00bbdefault\u00bb global_colors_info=\u00bb{}\u00bb][et_pb_image src=\u00bbhttps:\/\/votoamireina.com\/wp-content\/uploads\/2025\/10\/WhatsApp-Image-2025-10-15-at-21.04.57-1-scaled.jpeg\u00bb title_text=\u00bbWhatsApp Image 2025-10-15 at 21.04.57 (1)\u00bb _builder_version=\u00bb4.27.4&#8243; _module_preset=\u00bbdefault\u00bb hover_enabled=\u00bb0&#8243; global_colors_info=\u00bb{}\u00bb sticky_enabled=\u00bb0&#8243;][\/et_pb_image][\/et_pb_column][\/et_pb_row][\/et_pb_section]<\/p>\n","protected":false},"excerpt":{"rendered":"<p>MINI TOWERING UNIVERSE Es un certamen internacional infantil creado y producido en Paraguay, que re\u00fane a ni\u00f1as de distintos pa\u00edses en una experiencia \u00fanica de cultura, talento y amistad.Su objetivo es promover valores, liderazgo y confianza, destacando la belleza integral y el esp\u00edritu solidario de cada participante.En esta segunda edici\u00f3n, el evento reafirma su compromiso con la formaci\u00f3n y proyecci\u00f3n internacional de nuevas generaciones, consolid\u00e1ndose como una plataforma que celebra la diversidad y el talento infantil del mundo.<\/p>\n","protected":false},"author":1,"featured_media":0,"parent":0,"menu_order":0,"comment_status":"closed","ping_status":"closed","template":"","meta":{"_et_pb_use_builder":"on","_et_pb_old_content":"<!-- wp:divi\/placeholder \/-->","_et_gb_content_width":"","footnotes":""},"class_list":["post-266","page","type-page","status-publish","hentry"],"_links":{"self":[{"href":"https:\/\/votoamireina.com\/index.php\/wp-json\/wp\/v2\/pages\/266","targetHints":{"allow":["GET"]}}],"collection":[{"href":"https:\/\/votoamireina.com\/index.php\/wp-json\/wp\/v2\/pages"}],"about":[{"href":"https:\/\/votoamireina.com\/index.php\/wp-json\/wp\/v2\/types\/page"}],"author":[{"embeddable":true,"href":"https:\/\/votoamireina.com\/index.php\/wp-json\/wp\/v2\/users\/1"}],"replies":[{"embeddable":true,"href":"https:\/\/votoamireina.com\/index.php\/wp-json\/wp\/v2\/comments?post=266"}],"version-history":[{"count":11,"href":"https:\/\/votoamireina.com\/index.php\/wp-json\/wp\/v2\/pages\/266\/revisions"}],"predecessor-version":[{"id":498,"href":"https:\/\/votoamireina.com\/index.php\/wp-json\/wp\/v2\/pages\/266\/revisions\/498"}],"wp:attachment":[{"href":"https:\/\/votoamireina.com\/index.php\/wp-json\/wp\/v2\/media?parent=266"}],"curies":[{"name":"wp","href":"https:\/\/api.w.org\/{rel}","templated":true}]}}