{"id":26,"date":"2025-10-08T19:22:00","date_gmt":"2025-10-08T17:22:00","guid":{"rendered":"https:\/\/votoamireina.com\/?page_id=26"},"modified":"2025-10-27T15:30:23","modified_gmt":"2025-10-27T14:30:23","slug":"inicio","status":"publish","type":"page","link":"https:\/\/votoamireina.com\/","title":{"rendered":"Inicio"},"content":{"rendered":"<p>[et_pb_section fb_built=\u00bb1&#8243; _builder_version=\u00bb4.27.4&#8243; _module_preset=\u00bbdefault\u00bb background_color=\u00bb#e8e8e8&#8243; custom_margin=\u00bb-65px||||false|false\u00bb custom_padding=\u00bb0px||0px||true|false\u00bb global_colors_info=\u00bb{}\u00bb][et_pb_row column_structure=\u00bb1_2,1_2&#8243; _builder_version=\u00bb4.27.4&#8243; _module_preset=\u00bbdefault\u00bb custom_margin=\u00bb||0px||false|false\u00bb custom_padding=\u00bb||0px||false|false\u00bb global_colors_info=\u00bb{}\u00bb][et_pb_column type=\u00bb1_2&#8243; _builder_version=\u00bb4.27.4&#8243; _module_preset=\u00bbdefault\u00bb custom_padding=\u00bb||0px||false|false\u00bb global_colors_info=\u00bb{}\u00bb][et_pb_text _builder_version=\u00bb4.27.4&#8243; _module_preset=\u00bbdefault\u00bb text_font=\u00bbAkshar||||||||\u00bb text_text_color=\u00bb#1E40AF\u00bb text_font_size=\u00bb60px\u00bb text_line_height=\u00bb1em\u00bb background_enable_color=\u00bboff\u00bb text_orientation=\u00bbcenter\u00bb custom_margin=\u00bb117px||||false|false\u00bb text_text_shadow_style=\u00bbpreset2&#8243; global_colors_info=\u00bb{}\u00bb]<\/p>\n<section class=\"elementor-section elementor-inner-section elementor-element elementor-element-602ebf3b elementor-section-boxed elementor-section-height-default elementor-section-height-default\" data-id=\"602ebf3b\" data-element_type=\"section\">\n<div class=\"elementor-container elementor-column-gap-default\">\n<div class=\"elementor-column elementor-col-100 elementor-inner-column elementor-element elementor-element-37b882f4\" data-id=\"37b882f4\" data-element_type=\"column\">\n<div class=\"elementor-widget-wrap elementor-element-populated\">\n<div class=\"elementor-element elementor-element-1cd4161 elementor-widget elementor-widget-spacer\" data-id=\"1cd4161\" data-element_type=\"widget\" data-widget_type=\"spacer.default\">\n<div class=\"elementor-widget-container\">\n<div class=\"elementor-spacer\">\n<div class=\"elementor-spacer-inner\">\n<div class=\"elementor-widget-container\">\n<p class=\"a13ree-written-headline\" data-speed=\"82\" data-loop=\"1\"><span class=\"before-written\">VOTO A MI REINA<\/span><\/p>\n<\/div>\n<\/div>\n<\/div>\n<\/div>\n<\/div>\n<\/div>\n<\/div>\n<\/div>\n<\/section>\n<p>[\/et_pb_text][et_pb_text _builder_version=\u00bb4.27.4&#8243; _module_preset=\u00bbdefault\u00bb text_font=\u00bbPoppins||||||||\u00bb text_text_color=\u00bb#000000&#8243; text_font_size=\u00bb22px\u00bb text_line_height=\u00bb1.8em\u00bb ul_font=\u00bbPoppins||||||||\u00bb ul_text_align=\u00bbcenter\u00bb background_enable_color=\u00bboff\u00bb text_orientation=\u00bbcenter\u00bb text_text_shadow_style=\u00bbpreset1&#8243; global_colors_info=\u00bb{}\u00bb]<\/p>\n<p>Bienvenidos a la Plataforma Oficial de Votaci\u00f3n.\u00a0 Aqui podes apoyar a tu favorita y\u00a0 acercarla un paso mas hacia la corona. Selecciona la competencia y elegi la candidata.\u00a1Particip\u00e1, vot\u00e1 y s\u00e9 parte de esta gran experiencia!<\/p>\n<p>[\/et_pb_text][et_pb_button button_text=\u00bbVOTAR\u00bb _builder_version=\u00bb4.27.4&#8243; _module_preset=\u00bbdefault\u00bb custom_button=\u00bbon\u00bb button_text_size=\u00bb26px\u00bb button_text_color=\u00bb#1E40AF\u00bb button_bg_color=\u00bb#CBD5E1&#8243; button_border_color=\u00bb#CBD5E1&#8243; button_font=\u00bbPoppins||||||||\u00bb global_colors_info=\u00bb{}\u00bb][\/et_pb_button][dsm_image_carousel gallery_ids=\u00bb21,14,18,242&#8243; lazyload=\u00bbon\u00bb slide_to_show=\u00bb3&#8243; arrow_color=\u00bbRGBA(255,255,255,0)\u00bb dots_active_color=\u00bbRGBA(255,255,255,0)\u00bb dots_inactive_color=\u00bbRGBA(255,255,255,0)\u00bb _builder_version=\u00bb4.27.4&#8243; _module_preset=\u00bbdefault\u00bb max_width=\u00bb100%\u00bb global_colors_info=\u00bb{}\u00bb][\/dsm_image_carousel][\/et_pb_column][et_pb_column type=\u00bb1_2&#8243; _builder_version=\u00bb4.27.4&#8243; _module_preset=\u00bbdefault\u00bb global_colors_info=\u00bb{}\u00bb][et_pb_image src=\u00bbhttps:\/\/votoamireina.com\/wp-content\/uploads\/2025\/10\/WhatsApp-Image-2025-10-15-at-21.04.22-1-scaled.jpeg\u00bb title_text=\u00bbWhatsApp Image 2025-10-15 at 21.04.22 (1)\u00bb disabled_on=\u00bbon|on|off\u00bb _builder_version=\u00bb4.27.4&#8243; _module_preset=\u00bbdefault\u00bb transform_translate=\u00bb82px|10px\u00bb global_colors_info=\u00bb{}\u00bb][\/et_pb_image][et_pb_image src=\u00bbhttps:\/\/votoamireina.com\/wp-content\/uploads\/2025\/10\/WhatsApp-Image-2025-10-15-at-21.04.22-1-scaled.jpeg\u00bb title_text=\u00bbWhatsApp Image 2025-10-15 at 21.04.22 (1)\u00bb disabled_on=\u00bboff|on|on\u00bb _builder_version=\u00bb4.27.4&#8243; _module_preset=\u00bbdefault\u00bb transform_translate=\u00bb28px|-20px\u00bb global_colors_info=\u00bb{}\u00bb][\/et_pb_image][\/et_pb_column][\/et_pb_row][\/et_pb_section][et_pb_section fb_built=\u00bb1&#8243; _builder_version=\u00bb4.27.4&#8243; _module_preset=\u00bbdefault\u00bb background_color=\u00bb#CBD5E1&#8243; custom_margin=\u00bb-20px||||false|false\u00bb global_colors_info=\u00bb{}\u00bb][et_pb_row column_structure=\u00bb1_4,1_4,1_4,1_4&#8243; _builder_version=\u00bb4.27.4&#8243; _module_preset=\u00bbdefault\u00bb global_colors_info=\u00bb{}\u00bb][et_pb_column type=\u00bb1_4&#8243; _builder_version=\u00bb4.27.4&#8243; _module_preset=\u00bbdefault\u00bb global_colors_info=\u00bb{}\u00bb][et_pb_blurb use_icon=\u00bbon\u00bb font_icon=\u00bb&#xf521;||fa||900&#8243; icon_color=\u00bb#1E40AF\u00bb icon_placement=\u00bbleft\u00bb _builder_version=\u00bb4.27.4&#8243; _module_preset=\u00bbdefault\u00bb header_font=\u00bbPoppins||||||||\u00bb header_text_color=\u00bb#FFFFFF\u00bb body_font=\u00bbPoppins||||||||\u00bb body_text_color=\u00bb#1E40AF\u00bb body_font_size=\u00bb20px\u00bb global_colors_info=\u00bb{}\u00bb]<\/p>\n<p>NOSOTROS<\/p>\n<p>[\/et_pb_blurb][\/et_pb_column][et_pb_column type=\u00bb1_4&#8243; _builder_version=\u00bb4.27.4&#8243; _module_preset=\u00bbdefault\u00bb global_colors_info=\u00bb{}\u00bb][et_pb_blurb use_icon=\u00bbon\u00bb font_icon=\u00bb&#xf46d;||fa||900&#8243; icon_color=\u00bb#1E40AF\u00bb icon_placement=\u00bbleft\u00bb _builder_version=\u00bb4.27.4&#8243; _module_preset=\u00bbdefault\u00bb header_font=\u00bbPoppins||||||||\u00bb header_text_color=\u00bb#FFFFFF\u00bb body_font=\u00bbPoppins||||||||\u00bb body_text_color=\u00bb#1E40AF\u00bb body_font_size=\u00bb23px\u00bb global_colors_info=\u00bb{}\u00bb]<\/p>\n<p class=\"elementor-icon-box-title\"><span>COMPETENCIAS<\/span><\/p>\n<p>[\/et_pb_blurb][\/et_pb_column][et_pb_column type=\u00bb1_4&#8243; _builder_version=\u00bb4.27.4&#8243; _module_preset=\u00bbdefault\u00bb global_colors_info=\u00bb{}\u00bb][et_pb_blurb use_icon=\u00bbon\u00bb font_icon=\u00bb&#xe033;||divi||400&#8243; icon_color=\u00bb#1E40AF\u00bb icon_placement=\u00bbleft\u00bb _builder_version=\u00bb4.27.4&#8243; _module_preset=\u00bbdefault\u00bb header_font=\u00bbPoppins||||||||\u00bb header_text_color=\u00bb#FFFFFF\u00bb body_font=\u00bbPoppins||||||||\u00bb body_text_color=\u00bb#1E40AF\u00bb body_font_size=\u00bb19px\u00bb transform_translate=\u00bb28px|0px\u00bb global_colors_info=\u00bb{}\u00bb]<\/p>\n<p class=\"elementor-icon-box-title\"><span>EVENTOS<\/span><\/p>\n<p>[\/et_pb_blurb][\/et_pb_column][et_pb_column type=\u00bb1_4&#8243; _builder_version=\u00bb4.27.4&#8243; _module_preset=\u00bbdefault\u00bb global_colors_info=\u00bb{}\u00bb][et_pb_blurb use_icon=\u00bbon\u00bb font_icon=\u00bb&#xe089;||divi||400&#8243; icon_color=\u00bb#1E40AF\u00bb icon_placement=\u00bbleft\u00bb _builder_version=\u00bb4.27.4&#8243; _module_preset=\u00bbdefault\u00bb header_font=\u00bbPoppins||||||||\u00bb header_text_color=\u00bb#FFFFFF\u00bb body_font=\u00bbPoppins||||||||\u00bb body_text_color=\u00bb#1E40AF\u00bb body_font_size=\u00bb19px\u00bb global_colors_info=\u00bb{}\u00bb]<\/p>\n<p class=\"elementor-icon-box-title\"><span>PAGOS<\/span><\/p>\n<p>[\/et_pb_blurb][\/et_pb_column][\/et_pb_row][\/et_pb_section][et_pb_section fb_built=\u00bb1&#8243; _builder_version=\u00bb4.27.4&#8243; _module_preset=\u00bbdefault\u00bb background_color=\u00bb#e8e8e8&#8243; custom_padding=\u00bb0px||0px||true|false\u00bb global_colors_info=\u00bb{}\u00bb][et_pb_row column_structure=\u00bb1_2,1_2&#8243; _builder_version=\u00bb4.27.4&#8243; _module_preset=\u00bbdefault\u00bb custom_padding=\u00bb0px||0px||true|false\u00bb global_colors_info=\u00bb{}\u00bb][et_pb_column type=\u00bb1_2&#8243; _builder_version=\u00bb4.27.4&#8243; _module_preset=\u00bbdefault\u00bb global_colors_info=\u00bb{}\u00bb][et_pb_blurb title=\u00bbOBJETIVO DE LA ORGANIZACION\u00bb image=\u00bbhttps:\/\/votoamireina.com\/wp-content\/uploads\/2025\/10\/Captura-de-pantalla-2025-10-08-a-las-15.09.09-Photoroom.png\u00bb _builder_version=\u00bb4.27.4&#8243; _module_preset=\u00bbdefault\u00bb header_level=\u00bbh3&#8243; header_font=\u00bbAkshar||||||||\u00bb header_text_align=\u00bbcenter\u00bb header_text_color=\u00bb#1E40AF\u00bb custom_margin=\u00bb20px||||false|false\u00bb global_colors_info=\u00bb{}\u00bb][\/et_pb_blurb][et_pb_text _builder_version=\u00bb4.27.4&#8243; _module_preset=\u00bbdefault\u00bb text_font=\u00bbPoppins||||||||\u00bb text_text_color=\u00bb#0F172A\u00bb text_line_height=\u00bb2.2em\u00bb hover_enabled=\u00bb0&#8243; global_colors_info=\u00bb{}\u00bb text_font_size=\u00bb15px\u00bb sticky_enabled=\u00bb0&#8243;]<\/p>\n<p>Nuestro principal objetivo es promover el intercambio cultural y el desarrollo integral de ni\u00f1as y j\u00f3venes a trav\u00e9s de la producci\u00f3n de cert\u00e1menes de belleza nacionales e internacionales. Buscamos brindar una plataforma que impulse el talento, la confianza y la proyecci\u00f3n de cada participante, fomentando valores como el respeto, la diversidad y la disciplina.<br \/>Nuestras producciones no solo celebran la belleza, sino tambi\u00e9n el liderazgo, la cultura y el compromiso social de nuestras participantes.<\/p>\n<p>[\/et_pb_text][\/et_pb_column][et_pb_column type=\u00bb1_2&#8243; _builder_version=\u00bb4.27.4&#8243; _module_preset=\u00bbdefault\u00bb global_colors_info=\u00bb{}\u00bb][et_pb_image src=\u00bbhttps:\/\/votoamireina.com\/wp-content\/uploads\/2025\/10\/DARIANNA-PARRA-COSTA-RICA-1.png\u00bb title_text=\u00bbDARIANNA PARRA &#8211; COSTA RICA\u00bb _builder_version=\u00bb4.27.4&#8243; _module_preset=\u00bbdefault\u00bb global_colors_info=\u00bb{}\u00bb][\/et_pb_image][\/et_pb_column][\/et_pb_row][\/et_pb_section][et_pb_section fb_built=\u00bb1&#8243; disabled_on=\u00bbon|off|off\u00bb _builder_version=\u00bb4.27.4&#8243; _module_preset=\u00bbdefault\u00bb background_image=\u00bbhttps:\/\/votoamireina.com\/wp-content\/uploads\/2025\/10\/WhatsApp-Image-2025-10-24-at-14.26.08.jpeg\u00bb custom_padding=\u00bb130px||||false|false\u00bb link_option_url=\u00bb https:\/\/www.youtube.com\/@MISSTOWERINGUNIVERSE_\u00bb global_colors_info=\u00bb{}\u00bb][et_pb_row _builder_version=\u00bb4.27.4&#8243; _module_preset=\u00bbdefault\u00bb global_colors_info=\u00bb{}\u00bb][et_pb_column type=\u00bb4_4&#8243; _builder_version=\u00bb4.27.4&#8243; _module_preset=\u00bbdefault\u00bb global_colors_info=\u00bb{}\u00bb][\/et_pb_column][\/et_pb_row][et_pb_row _builder_version=\u00bb4.27.4&#8243; _module_preset=\u00bbdefault\u00bb global_colors_info=\u00bb{}\u00bb][et_pb_column type=\u00bb4_4&#8243; _builder_version=\u00bb4.27.4&#8243; _module_preset=\u00bbdefault\u00bb global_colors_info=\u00bb{}\u00bb][\/et_pb_column][\/et_pb_row][et_pb_row _builder_version=\u00bb4.27.4&#8243; _module_preset=\u00bbdefault\u00bb global_colors_info=\u00bb{}\u00bb][et_pb_column type=\u00bb4_4&#8243; _builder_version=\u00bb4.27.4&#8243; _module_preset=\u00bbdefault\u00bb global_colors_info=\u00bb{}\u00bb][\/et_pb_column][\/et_pb_row][\/et_pb_section][et_pb_section fb_built=\u00bb1&#8243; fullwidth=\u00bbon\u00bb disabled_on=\u00bboff|on|on\u00bb _builder_version=\u00bb4.27.4&#8243; _module_preset=\u00bbdefault\u00bb link_option_url=\u00bb https:\/\/www.youtube.com\/@MISSTOWERINGUNIVERSE_\u00bb global_colors_info=\u00bb{}\u00bb][et_pb_fullwidth_image src=\u00bbhttps:\/\/votoamireina.com\/wp-content\/uploads\/2025\/10\/WhatsApp-Image-2025-10-24-at-14.26.08.jpeg\u00bb title_text=\u00bbWhatsApp Image 2025-10-24 at 14.26.08&#8243; _builder_version=\u00bb4.27.4&#8243; _module_preset=\u00bbdefault\u00bb global_colors_info=\u00bb{}\u00bb][\/et_pb_fullwidth_image][\/et_pb_section]<\/p>\n","protected":false},"excerpt":{"rendered":"<p>VOTO A MI REINA Bienvenidos a la Plataforma Oficial de Votaci\u00f3n.\u00a0 Aqui podes apoyar a tu favorita y\u00a0 acercarla un paso mas hacia la corona. Selecciona la competencia y elegi la candidata.\u00a1Particip\u00e1, vot\u00e1 y s\u00e9 parte de esta gran experiencia!<div class=\"et_pb_module dsm_image_carousel dsm_image_carousel_0 dsm_image_carousel_arrow_outside dsm_image_carousel_arrow_mobile_inside \">\n\t\t\t\t\n\t\t\t\t\n\t\t\t\t\n\t\t\t\t\n\t\t\t\t\n\t\t\t\t\n\t\t\t\t<div class=\"et_pb_module_inner\">\n\t\t\t\t\t<div class=\"swiper-container dsm_image_carousel_container  dsm_image_carousel_carousel\" dir=\"ltr\"data-effect=\"default\"\n\t\t\tdata-slider-effect-shadows=\"false\"\n\t\t\tdata-slider-effect-coverflow-rotate=\"30\"\n\t\t\tdata-slider-effect-coverflow-depth=\"0\"\n\t\t\tdata-loop=\"true\"\n\t\t\tdata-slide-to-show=\"3\"\n\t\t\tdata-slide-to-show-tablet=\"1\"\n\t\t\tdata-slide-to-show-phone=\"1\"\n\t\t\tdata-slide-to-scroll=\"1\"\n\t\t\tdata-slide-to-scroll-tablet=\"1\"\n\t\t\tdata-slide-to-scroll-phone=\"1\"\n\t\t\tdata-space-between=\"15\"\n\t\t\tdata-space-between-tablet=\"15\"\n\t\t\tdata-space-between-phone=\"15\"\n\t\t\tdata-slide-row=\"1\"\n\t\t\tdata-centered-slides=\"false\"\n\t\t\tdata-speed=\"300\"\n\t\t\tdata-autoplay=\"true\"\n\t\t\tdata-autoplay-speed=\"3000\"\n\t\t\tdata-touch-move=\"true\"\n\t\t\tdata-grab=\"true\"\n\t\t\tdata-pause-on-hover=\"false\"\n\t\t\tdata-show-lightbox=\"false\"\n\t\t\tdata-lightbox-gallery=\"false\"\n\t\t\tdata-lightbox-caption=\"false\"\n\t\t\tdata-infinite-scrolling=\"false\"\n\t\t\tdata-slide-row-tablet=\"1\"\n\t\t\tdata-slide-row-phone=\"1\"\n\t\t\tdata-autoplay-viewport=80%\n\t\t\tdata-mousewheel=\"false\"\n\t\t\tdata-lazyload=\"true\"\n\t\t\tdata-type=\"carousel\"\n\t\t\tdata-slideshow-effect=\"default\"\n\t\t\tdata-slideshow-to-show=\"4\"\n\t\t\tdata-slideshow-to-show-tablet=\"4\"\n\t\t\tdata-slideshow-to-show-phone=\"\"\n\t\t\tdata-slider-orientation=\"horizontal\"\n\t\t\t\t\t\tdata-lightbox-title=\"false\"\n\n\t\t\t><div class=\"swiper-wrapper\"><div class=\"swiper-slide dsm_image_carousel_item\"><img loading=\"lazy\" decoding=\"async\" src=\"https:\/\/votoamireina.com\/wp-content\/uploads\/2025\/10\/LOGOALTA.png\" alt=\"\" title=\"LOGOALTA\" width=\"1563\" height=\"1563\" data-dsm-image-description=\"\" srcset=\"https:\/\/votoamireina.com\/wp-content\/uploads\/2025\/10\/LOGOALTA.png 1563w, https:\/\/votoamireina.com\/wp-content\/uploads\/2025\/10\/LOGOALTA-1280x1280.png 1280w, https:\/\/votoamireina.com\/wp-content\/uploads\/2025\/10\/LOGOALTA-980x980.png 980w, https:\/\/votoamireina.com\/wp-content\/uploads\/2025\/10\/LOGOALTA-480x480.png 480w\" sizes=\"(min-width: 0px) and (max-width: 480px) 480px, (min-width: 481px) and (max-width: 980px) 980px, (min-width: 981px) and (max-width: 1280px) 1280px, (min-width: 1281px) 1563px, 100vw\" class=\" swiper-lazy\" \/><\/div><div class=\"swiper-slide dsm_image_carousel_item\"><img loading=\"lazy\" decoding=\"async\" src=\"https:\/\/votoamireina.com\/wp-content\/uploads\/2025\/10\/MINI-UNIVERSO-02-1.png\" alt=\"\" title=\"MINI UNIVERSO-02 (1)\" width=\"1375\" height=\"325\" data-dsm-image-description=\"\" srcset=\"https:\/\/votoamireina.com\/wp-content\/uploads\/2025\/10\/MINI-UNIVERSO-02-1.png 1375w, https:\/\/votoamireina.com\/wp-content\/uploads\/2025\/10\/MINI-UNIVERSO-02-1-1280x303.png 1280w, https:\/\/votoamireina.com\/wp-content\/uploads\/2025\/10\/MINI-UNIVERSO-02-1-980x232.png 980w, https:\/\/votoamireina.com\/wp-content\/uploads\/2025\/10\/MINI-UNIVERSO-02-1-480x113.png 480w\" sizes=\"(min-width: 0px) and (max-width: 480px) 480px, (min-width: 481px) and (max-width: 980px) 980px, (min-width: 981px) and (max-width: 1280px) 1280px, (min-width: 1281px) 1375px, 100vw\" class=\" swiper-lazy\" \/><\/div><div class=\"swiper-slide dsm_image_carousel_item\"><img loading=\"lazy\" decoding=\"async\" src=\"https:\/\/votoamireina.com\/wp-content\/uploads\/2025\/10\/MISS-TOWERING-UNIVERSE-04-scaled.png\" alt=\"\" title=\"MISS TOWERING UNIVERSE-04\" width=\"2560\" height=\"889\" data-dsm-image-description=\"\" srcset=\"https:\/\/votoamireina.com\/wp-content\/uploads\/2025\/10\/MISS-TOWERING-UNIVERSE-04-scaled.png 2560w, https:\/\/votoamireina.com\/wp-content\/uploads\/2025\/10\/MISS-TOWERING-UNIVERSE-04-1280x445.png 1280w, https:\/\/votoamireina.com\/wp-content\/uploads\/2025\/10\/MISS-TOWERING-UNIVERSE-04-980x340.png 980w, https:\/\/votoamireina.com\/wp-content\/uploads\/2025\/10\/MISS-TOWERING-UNIVERSE-04-480x167.png 480w\" sizes=\"(min-width: 0px) and (max-width: 480px) 480px, (min-width: 481px) and (max-width: 980px) 980px, (min-width: 981px) and (max-width: 1280px) 1280px, (min-width: 1281px) 2560px, 100vw\" class=\" swiper-lazy\" \/><\/div><div class=\"swiper-slide dsm_image_carousel_item\"><img loading=\"lazy\" decoding=\"async\" src=\"https:\/\/votoamireina.com\/wp-content\/uploads\/2025\/10\/PARAGUAY-MODA-KIDS-02-1.png\" alt=\"\" title=\"PARAGUAY-MODA-KIDS-02 (1)\" width=\"12321\" height=\"8334\" data-dsm-image-description=\"\" class=\" swiper-lazy\" \/><\/div><\/div><\/div><div class=\"swiper-button-prev swiper-arrow-button\" data-icon=\"4\"><\/div><div class=\"swiper-button-next swiper-arrow-button\" data-icon=\"5\"><\/div><div class=\"swiper-pagination\"><\/div>\n\t\t\t\t<\/div>\n\t\t\t<\/div>NOSOTROSCOMPETENCIASEVENTOSPAGOSNuestro principal objetivo es promover el intercambio cultural y el desarrollo integral de ni\u00f1as y j\u00f3venes a trav\u00e9s de la producci\u00f3n de cert\u00e1menes de belleza nacionales e internacionales. Buscamos brindar una plataforma que impulse el talento, la confianza y la proyecci\u00f3n de cada participante, fomentando valores como el respeto, la diversidad y la disciplina.Nuestras producciones no solo celebran la belleza, sino tambi\u00e9n el liderazgo, la cultura y el compromiso social de nuestras participantes.<\/p>\n","protected":false},"author":1,"featured_media":0,"parent":0,"menu_order":0,"comment_status":"closed","ping_status":"closed","template":"","meta":{"_et_pb_use_builder":"on","_et_pb_old_content":"","_et_gb_content_width":"","footnotes":""},"class_list":["post-26","page","type-page","status-publish","hentry"],"_links":{"self":[{"href":"https:\/\/votoamireina.com\/index.php\/wp-json\/wp\/v2\/pages\/26","targetHints":{"allow":["GET"]}}],"collection":[{"href":"https:\/\/votoamireina.com\/index.php\/wp-json\/wp\/v2\/pages"}],"about":[{"href":"https:\/\/votoamireina.com\/index.php\/wp-json\/wp\/v2\/types\/page"}],"author":[{"embeddable":true,"href":"https:\/\/votoamireina.com\/index.php\/wp-json\/wp\/v2\/users\/1"}],"replies":[{"embeddable":true,"href":"https:\/\/votoamireina.com\/index.php\/wp-json\/wp\/v2\/comments?post=26"}],"version-history":[{"count":87,"href":"https:\/\/votoamireina.com\/index.php\/wp-json\/wp\/v2\/pages\/26\/revisions"}],"predecessor-version":[{"id":595,"href":"https:\/\/votoamireina.com\/index.php\/wp-json\/wp\/v2\/pages\/26\/revisions\/595"}],"wp:attachment":[{"href":"https:\/\/votoamireina.com\/index.php\/wp-json\/wp\/v2\/media?parent=26"}],"curies":[{"name":"wp","href":"https:\/\/api.w.org\/{rel}","templated":true}]}}